{"id":3523,"date":"2024-06-20T00:51:33","date_gmt":"2024-06-19T21:51:33","guid":{"rendered":"http:\/\/localhost:8888\/homeradar\/?page_id=3523"},"modified":"2024-06-20T01:01:13","modified_gmt":"2024-06-19T22:01:13","slug":"yardim-merkezi","status":"publish","type":"page","link":"https:\/\/mhdkarot.com\/index.php\/yardim-merkezi\/","title":{"rendered":"S\u0131k\u00e7a Sorulan Sorular"},"content":{"rendered":"\t\t<div data-elementor-type=\"wp-post\" data-elementor-id=\"3523\" class=\"elementor elementor-3523\" data-elementor-post-type=\"page\">\n\t\t\t\t\t\t<section class=\"elementor-section elementor-top-section elementor-element elementor-element-cfc96f9 gray-bg small-padding has-hex elementor-section-boxed elementor-section-height-default elementor-section-height-default\" data-id=\"cfc96f9\" data-element_type=\"section\">\n\t\t\t\t\t\t<div class=\"elementor-container elementor-column-gap-extended\">\n\t\t\t\t\t<div class=\"elementor-column elementor-col-33 elementor-top-column elementor-element elementor-element-28d31e3 fix-bar\" data-id=\"28d31e3\" data-element_type=\"column\">\n\t\t\t<div class=\"elementor-widget-wrap elementor-element-populated\">\n\t\t\t\t\t\t<div class=\"elementor-element elementor-element-55ae147 elementor-widget elementor-widget-cth_faqs_cats\" data-id=\"55ae147\" data-element_type=\"widget\" data-widget_type=\"cth_faqs_cats.default\">\n\t\t\t\t<div class=\"elementor-widget-container\">\n\t\t\t        <div class=\"faqs-cats-ele-wrap\">\r\n                        <div class=\"box-widget fixed-column_menu-inits float-box\">\r\n                <div class=\"box-widget-content\">\r\n                                        <div class=\"faq-nav help-bar\">\r\n                        <ul class=\"serv-nav scroll-init list-unstyled m-0 p-0\">\r\n                                                        <li>\r\n                                <a href=\"#faqcat-karot-nedir\">\r\n                                \r\n                                <span>Karot nedir<\/span>\r\n                                <\/a>\r\n                            <\/li>\r\n                                                        <li>\r\n                                <a href=\"#faqcat-karot-uygulamalar%c4%b1n%c4%b1n-i%cc%87n%c5%9faat-ve-tesisat-i%cc%87%c5%9flerindeki-kullan%c4%b1m%c4%b1\">\r\n                                \r\n                                <span>Karot Uygulamalar\u0131n\u0131n \u0130n\u015faat ve Tesisat \u0130\u015flerindeki Kullan\u0131m\u0131<\/span>\r\n                                <\/a>\r\n                            <\/li>\r\n                                                        <li>\r\n                                <a href=\"#faqcat-rayl%c4%b1-hidrolik-kesme-makinesinin-kullan%c4%b1m-alanlar%c4%b1-ve-avantajlar%c4%b1\">\r\n                                \r\n                                <span>Rayl\u0131 Hidrolik Kesme Makinesinin Kullan\u0131m Alanlar\u0131 ve Avantajlar\u0131<\/span>\r\n                                <\/a>\r\n                            <\/li>\r\n                                                        <li>\r\n                                <a href=\"#faqcat-rayl%c4%b1-hidrolik-kesme-makinesinin-kullan%c4%b1m-alanlar%c4%b1\">\r\n                                \r\n                                <span>Rayl\u0131 Hidrolik Kesme Makinesinin Kullan\u0131m Alanlar\u0131<\/span>\r\n                                <\/a>\r\n                            <\/li>\r\n                                                        <li>\r\n                                <a href=\"#faqcat-beton-dayan%c4%b1kl%c4%b1l%c4%b1%c4%9f%c4%b1n%c4%b1n-karot-testi-ile-belirlenmesi\">\r\n                                \r\n                                <span>Beton Dayan\u0131kl\u0131l\u0131\u011f\u0131n\u0131n Karot Testi ile Belirlenmesi<\/span>\r\n                                <\/a>\r\n                            <\/li>\r\n                                                    <\/ul>\r\n                    <\/div>\r\n                    \r\n                <\/div>\r\n            <\/div>\r\n            <div class=\"clearfix\"><\/div>\r\n                    <\/div>\r\n        \t\t<\/div>\n\t\t\t\t<\/div>\n\t\t\t\t<div class=\"elementor-element elementor-element-6ec8faa elementor-widget elementor-widget-html\" data-id=\"6ec8faa\" data-element_type=\"widget\" data-widget_type=\"html.default\">\n\t\t\t\t<div class=\"elementor-widget-container\">\n\t\t\t<h3 class=\"widget-title\">Yard\u0131mc\u0131 Bro\u015f\u00fcrler<\/h3>\r\n<ul class=\"tbtn-nav list-unstyled mb-0\">\r\n\t<li><a href=\"#\"><i class=\"fal fa-file-pdf\"><\/i><span>PDF dosyas\u0131n\u0131 indirin<\/span><\/a><\/li>\r\n\t<li><a href=\"#\"><i class=\"fal fa-file-word\"><\/i><span>DOC dosyas\u0131n\u0131 indirin<\/span><\/a><\/li>\r\n<\/ul>\t\t<\/div>\n\t\t\t\t<\/div>\n\t\t\t\t\t<\/div>\n\t\t<\/div>\n\t\t\t\t<div class=\"elementor-column elementor-col-66 elementor-top-column elementor-element elementor-element-08fd87d\" data-id=\"08fd87d\" data-element_type=\"column\">\n\t\t\t<div class=\"elementor-widget-wrap elementor-element-populated\">\n\t\t\t\t\t\t<div class=\"elementor-element elementor-element-2852480 elementor-widget elementor-widget-cth_faqs_aqs\" data-id=\"2852480\" data-element_type=\"widget\" data-widget_type=\"cth_faqs_aqs.default\">\n\t\t\t\t<div class=\"elementor-widget-container\">\n\t\t\t        <div class=\"faqs-aqs-ele-wrap\">\r\n            <div class=\"faqs-row\">\r\n                <div class=\"list-single-main-container faqs-inner det-box-item det-box-item_single\">\r\n                                    \r\n                                            <!-- faq-section -->\r\n                        \r\n                        <div class=\"accordion-block-box\" id=\"faqcat-karot-nedir\">\r\n                            <div class=\"accordion-block-title big-lsmt faq-title_first\"><h3>Karot nedir<\/h3><\/div>\r\n                            <div class=\"accordion-lite-container\"><div class=\"accordion-lite-header act-accordion\">Karot ne i\u00e7in ve niye kullan\u0131l\u0131r?<i class=\"fas fa-plus\"><\/i><\/div><div class=\"accordion-lite_content visible\"><p>Karot, numune almak i\u00e7in kullan\u0131lan bir alet olarak bilinir. Bu y\u00f6ntem yurt d\u0131\u015f\u0131ndan \u00fclkemize gelmi\u015f ve beton \u015fekillendirme i\u015flemlerinde kullan\u0131lm\u0131\u015ft\u0131r. Kelime olarak \"karot\"un s\u00f6zl\u00fck anlam\u0131 havu\u00e7tur. \u0130\u015f yap\u0131s\u0131n\u0131n basit havu\u00e7 \u00e7\u0131karma aletlerine benzemesinden dolay\u0131 bu isim verilmi\u015ftir. T\u00fcm yap\u0131 projelerinde gereklidir; \u00e7\u00fcnk\u00fc karot, beton delme i\u015flemidir ve p\u00fcr\u00fczs\u00fcz delikler a\u00e7mak i\u00e7in vazge\u00e7ilmezdir.<\/p><p>\u0130n\u015faat sekt\u00f6r\u00fc i\u00e7in getirdi\u011fi yeniliklerden biri olan karot makineleri, profesyonelce beton delme i\u015flemlerini ger\u00e7ekle\u015ftirdikleri i\u00e7in g\u00fcn\u00fcm\u00fczde sekt\u00f6r\u00fcn \u00f6nemli bir par\u00e7as\u0131d\u0131r. Beton testleri i\u00e7in numune almak amac\u0131yla da kullan\u0131labilirler.<\/p><p>El Karotu ve Hidrolik Karot, istenen a\u00e7\u0131 ve \u00e7apta (\u00d8 8mm - 500 mm) delme i\u015flemlerini g\u00fcvenle ger\u00e7ekle\u015ftirirler. Bu makineler, d\u00f6\u015femelerde ve perdelerde a\u00e7\u0131l\u0131mlar yapmak, betonarme yap\u0131lar\u0131n tesisatlar\u0131n\u0131 mevcut perde veya d\u00f6\u015femeden ge\u00e7irmek i\u00e7in ideal pratik ve kolay bir y\u00f6ntemdir.<\/p><\/div><\/div><!--   accordion-lite end -->                        <\/div>\r\n                        <!-- faq-section end -->\r\n                                            <!-- faq-section -->\r\n                        \r\n                        <div class=\"accordion-block-box\" id=\"faqcat-karot-uygulamalar%c4%b1n%c4%b1n-i%cc%87n%c5%9faat-ve-tesisat-i%cc%87%c5%9flerindeki-kullan%c4%b1m%c4%b1\">\r\n                            <div class=\"accordion-block-title big-lsmt\"><h3>Karot Uygulamalar\u0131n\u0131n \u0130n\u015faat ve Tesisat \u0130\u015flerindeki Kullan\u0131m\u0131<\/h3><\/div>\r\n                            <div class=\"accordion-lite-container\"><div class=\"accordion-lite-header\">Karot makinelerinin beton kesme makinelerine g\u00f6re avantajlar\u0131 nelerdir?<i class=\"fas fa-plus\"><\/i><\/div><div class=\"accordion-lite_content\"><p>Kap\u0131 ve pencere a\u00e7ma, boru ge\u00e7i\u015fleri, baca a\u00e7\u0131m\u0131 ve do\u011fal gaz tesisat\u0131 gibi \u00e7e\u015fitli alanlarda kullan\u0131lan karot makineleri, beton kesme makinelerinin yetersiz kald\u0131\u011f\u0131 durumlarda devreye girer. Bu makineler, \u00fczerlerindeki elmas u\u00e7lar sayesinde silindir \u015feklinde delikler a\u00e7abilmektedir. Silindir \u00e7ap\u0131 500 mm'ye kadar \u00e7\u0131kabilen ve 10 metreye kadar uzat\u0131labilen bu makineler, titre\u015fimsiz ve betona zarar vermeden delme i\u015flemi yapar. Ev ve i\u015f yerlerinde kap\u0131 ve pencere delikleri a\u00e7mak, aspirat\u00f6r delikleri olu\u015fturmak ve mod\u00fcler oda kesitleri a\u00e7mak gibi \u00e7e\u015fitli uygulamalarda da etkili bir \u015fekilde kullan\u0131l\u0131r.<\/p><\/div><\/div><!--   accordion-lite end -->                        <\/div>\r\n                        <!-- faq-section end -->\r\n                                            <!-- faq-section -->\r\n                        \r\n                        <div class=\"accordion-block-box\" id=\"faqcat-rayl%c4%b1-hidrolik-kesme-makinesinin-kullan%c4%b1m-alanlar%c4%b1-ve-avantajlar%c4%b1\">\r\n                            <div class=\"accordion-block-title big-lsmt\"><h3>Rayl\u0131 Hidrolik Kesme Makinesinin Kullan\u0131m Alanlar\u0131 ve Avantajlar\u0131<\/h3><\/div>\r\n                            <div class=\"accordion-lite-container\"><div class=\"accordion-lite-header\">Rayl\u0131 hidrolik kesme makinesinin beton kesme i\u015flemlerindeki avantajlar\u0131 nelerdir?<i class=\"fas fa-plus\"><\/i><\/div><div class=\"accordion-lite_content\"><p>Rayl\u0131 hidrolik kesme makinesi, demir donat\u0131l\u0131 veya donat\u0131s\u0131z betonlarda darbesiz bir \u015fekilde kesim yapma imkan\u0131 sunar. Yatay, dikey ve 180\u00ba a\u00e7\u0131larla, 50 cm kal\u0131nl\u0131\u011fa kadar olan betonlar kesilebilir. Vin\u00e7 yard\u0131m\u0131yla, kesilen b\u00fcy\u00fck beton kitleleri kolayca ta\u015f\u0131nabilir. Bu sistem olduk\u00e7a avantajl\u0131 ve h\u0131zl\u0131d\u0131r. Kesim sonras\u0131nda y\u00fczey d\u00fcz oldu\u011fundan ekstra d\u00fczeltme i\u015flemi gerektirmez. Vibrasyon olmamas\u0131 sayesinde, kalan betonarme yap\u0131da \u00e7atlaklar meydana gelmez.<\/p><\/div><\/div><!--   accordion-lite end -->                        <\/div>\r\n                        <!-- faq-section end -->\r\n                                            <!-- faq-section -->\r\n                        \r\n                        <div class=\"accordion-block-box\" id=\"faqcat-rayl%c4%b1-hidrolik-kesme-makinesinin-kullan%c4%b1m-alanlar%c4%b1\">\r\n                            <div class=\"accordion-block-title big-lsmt\"><h3>Rayl\u0131 Hidrolik Kesme Makinesinin Kullan\u0131m Alanlar\u0131<\/h3><\/div>\r\n                            <div class=\"accordion-lite-container\"><div class=\"accordion-lite-header\">Rayl\u0131 hidrolik kesme makinesinin plan ve proje de\u011fi\u015fikliklerindeki rol\u00fc nedir?<i class=\"fas fa-plus\"><\/i><\/div><div class=\"accordion-lite_content\">Plan ve proje de\u011fi\u015fikliklerinde, perde, d\u00f6\u015feme, kolon, kiri\u015f ve kap\u0131-pencere a\u00e7\u0131l\u0131mlar\u0131nda, asans\u00f6r bo\u015flu\u011fu a\u00e7\u0131lmas\u0131nda rayl\u0131 hidrolik kesme makinesi kullan\u0131lmaktad\u0131r.<\/div><\/div><!--   accordion-lite end -->                        <\/div>\r\n                        <!-- faq-section end -->\r\n                                            <!-- faq-section -->\r\n                        \r\n                        <div class=\"accordion-block-box\" id=\"faqcat-beton-dayan%c4%b1kl%c4%b1l%c4%b1%c4%9f%c4%b1n%c4%b1n-karot-testi-ile-belirlenmesi\">\r\n                            <div class=\"accordion-block-title big-lsmt\"><h3>Beton Dayan\u0131kl\u0131l\u0131\u011f\u0131n\u0131n Karot Testi ile Belirlenmesi<\/h3><\/div>\r\n                            <div class=\"accordion-lite-container\"><div class=\"accordion-lite-header\">Karot testi nas\u0131l uygulan\u0131r ve hangi durumlarda tercih edilir?<i class=\"fas fa-plus\"><\/i><\/div><div class=\"accordion-lite_content\">\u0130n\u015faatlarda taze beton numunesi al\u0131namad\u0131\u011f\u0131nda, tamamlanm\u0131\u015f binalar\u0131n betonarme karkas sisteminin dayan\u0131kl\u0131l\u0131\u011f\u0131n\u0131 belirlemek i\u00e7in karot testi uygulan\u0131r. Bu i\u015flemde, karot makinesi ile silindir \u015feklinde al\u0131nan beton \u00f6rnekleri, kesildikten sonra ba\u015fl\u0131kland\u0131r\u0131larak bas\u0131n\u00e7 testine tabi tutulur ve b\u00f6ylece betonun mukavemeti \u00f6l\u00e7\u00fcl\u00fcr.<\/div><\/div><!--   accordion-lite end -->                        <\/div>\r\n                        <!-- faq-section end -->\r\n                    \r\n                    \r\n                <\/div><!-- list-single-main-container end -->\r\n            <\/div><!-- faqs-row end -->\r\n        <\/div><!-- faqs-ele-wrap end -->\r\n        <div class=\"limit-box\"><\/div>\r\n        <div class=\"clearfix\"><\/div>\r\n        \t\t<\/div>\n\t\t\t\t<\/div>\n\t\t\t\t<section class=\"elementor-section elementor-inner-section elementor-element elementor-element-6187147 elementor-section-content-middle order-wrap mt-2 elementor-section-boxed elementor-section-height-default elementor-section-height-default\" data-id=\"6187147\" data-element_type=\"section\">\n\t\t\t\t\t\t<div class=\"elementor-container elementor-column-gap-default\">\n\t\t\t\t\t<div class=\"elementor-column elementor-col-50 elementor-inner-column elementor-element elementor-element-0f62c16\" data-id=\"0f62c16\" data-element_type=\"column\">\n\t\t\t<div class=\"elementor-widget-wrap elementor-element-populated\">\n\t\t\t\t\t\t<div class=\"elementor-element elementor-element-b308a9c elementor-widget elementor-widget-section_title\" data-id=\"b308a9c\" data-element_type=\"widget\" data-widget_type=\"section_title.default\">\n\t\t\t\t<div class=\"elementor-widget-container\">\n\t\t\t        <div class=\"section-title st-left st-st7\">\r\n                    <h2 class=\"sec-title\"><span>Uygun bir cevap bulamad\u0131n\u0131z m\u0131?<\/span><\/h2>                    <\/div>\r\n        \t\t<\/div>\n\t\t\t\t<\/div>\n\t\t\t\t\t<\/div>\n\t\t<\/div>\n\t\t\t\t<div class=\"elementor-column elementor-col-50 elementor-inner-column elementor-element elementor-element-de49176\" data-id=\"de49176\" data-element_type=\"column\">\n\t\t\t<div class=\"elementor-widget-wrap elementor-element-populated\">\n\t\t\t\t\t\t<div class=\"elementor-element elementor-element-8b800e6 ml-auto ms-auto mr-5 me-5 elementor-widget__width-auto elementor-widget-tablet__width-inherit elementor-widget elementor-widget-cthbutton\" data-id=\"8b800e6\" data-element_type=\"widget\" data-widget_type=\"cthbutton.default\">\n\t\t\t\t<div class=\"elementor-widget-container\">\n\t\t\t \r\n            <a href=\"https:\/\/mhdkarot.com\/index.php\/iletisim\/\"  class=\"tbtn tbtn color-dark small-btn normal normalw-btn icon-left btn-no-text-no\"><span>I\u0307LETI\u0307\u015eI\u0307ME GE\u00c7I\u0307N<\/span><\/a>\r\n        \t\t<\/div>\n\t\t\t\t<\/div>\n\t\t\t\t\t<\/div>\n\t\t<\/div>\n\t\t\t\t\t<\/div>\n\t\t<\/section>\n\t\t\t\t\t<\/div>\n\t\t<\/div>\n\t\t\t\t\t<\/div>\n\t\t<\/section>\n\t\t\t\t<\/div>\n\t\t","protected":false},"excerpt":{"rendered":"<p>Karot nedir Karot Uygulamalar\u0131n\u0131n \u0130n\u015faat ve Tesisat \u0130\u015flerindeki Kullan\u0131m\u0131 Rayl\u0131 Hidrolik Kesme Makinesinin Kullan\u0131m Alanlar\u0131 ve Avantajlar\u0131 Rayl\u0131 Hidrolik Kesme Makinesinin Kullan\u0131m Alanlar\u0131 Beton Dayan\u0131kl\u0131l\u0131\u011f\u0131n\u0131n Karot Testi ile Belirlenmesi Yard\u0131mc\u0131 Bro\u015f\u00fcrler PDF dosyas\u0131n\u0131 indirin DOC dosyas\u0131n\u0131 indirin Karot nedir Karot ne i\u00e7in ve niye kullan\u0131l\u0131r? Karot, numune almak i\u00e7in kullan\u0131lan bir alet olarak bilinir. Bu y\u00f6ntem yurt d\u0131\u015f\u0131ndan \u00fclkemize gelmi\u015f ve beton \u015fekillendirme i\u015flemlerinde kullan\u0131lm\u0131\u015ft\u0131r. Kelime olarak &#8220;karot&#8221;un s\u00f6zl\u00fck anlam\u0131 havu\u00e7tur. \u0130\u015f yap\u0131s\u0131n\u0131n basit havu\u00e7 \u00e7\u0131karma aletlerine benzemesinden dolay\u0131 bu isim verilmi\u015ftir. T\u00fcm yap\u0131 projelerinde gereklidir; \u00e7\u00fcnk\u00fc karot, beton delme i\u015flemidir ve p\u00fcr\u00fczs\u00fcz delikler a\u00e7mak i\u00e7in vazge\u00e7ilmezdir. \u0130n\u015faat sekt\u00f6r\u00fc i\u00e7in getirdi\u011fi yeniliklerden biri olan karot makineleri, profesyonelce beton delme i\u015flemlerini ger\u00e7ekle\u015ftirdikleri i\u00e7in g\u00fcn\u00fcm\u00fczde sekt\u00f6r\u00fcn \u00f6nemli bir par\u00e7as\u0131d\u0131r. Beton testleri i\u00e7in numune almak amac\u0131yla da kullan\u0131labilirler. El Karotu ve Hidrolik Karot, istenen a\u00e7\u0131 ve \u00e7apta (\u00d8 8mm &#8211; 500 mm) delme i\u015flemlerini g\u00fcvenle ger\u00e7ekle\u015ftirirler. Bu makineler, d\u00f6\u015femelerde ve perdelerde a\u00e7\u0131l\u0131mlar yapmak, [&hellip;]<\/p>\n","protected":false},"author":1,"featured_media":0,"parent":0,"menu_order":3,"comment_status":"closed","ping_status":"closed","template":"page-full.php","meta":{"_monsterinsights_skip_tracking":false,"_monsterinsights_sitenote_active":false,"_monsterinsights_sitenote_note":"","_monsterinsights_sitenote_category":0,"footnotes":""},"aioseo_notices":[],"_links":{"self":[{"href":"https:\/\/mhdkarot.com\/index.php\/wp-json\/wp\/v2\/pages\/3523"}],"collection":[{"href":"https:\/\/mhdkarot.com\/index.php\/wp-json\/wp\/v2\/pages"}],"about":[{"href":"https:\/\/mhdkarot.com\/index.php\/wp-json\/wp\/v2\/types\/page"}],"author":[{"embeddable":true,"href":"https:\/\/mhdkarot.com\/index.php\/wp-json\/wp\/v2\/users\/1"}],"replies":[{"embeddable":true,"href":"https:\/\/mhdkarot.com\/index.php\/wp-json\/wp\/v2\/comments?post=3523"}],"version-history":[{"count":46,"href":"https:\/\/mhdkarot.com\/index.php\/wp-json\/wp\/v2\/pages\/3523\/revisions"}],"predecessor-version":[{"id":10365,"href":"https:\/\/mhdkarot.com\/index.php\/wp-json\/wp\/v2\/pages\/3523\/revisions\/10365"}],"wp:attachment":[{"href":"https:\/\/mhdkarot.com\/index.php\/wp-json\/wp\/v2\/media?parent=3523"}],"curies":[{"name":"wp","href":"https:\/\/api.w.org\/{rel}","templated":true}]}}