{"id":8459,"date":"2024-06-20T00:50:57","date_gmt":"2024-06-19T21:50:57","guid":{"rendered":"http:\/\/alonehuntert.com"},"modified":"2024-06-26T12:25:17","modified_gmt":"2024-06-26T09:25:17","slug":"iletisim","status":"publish","type":"page","link":"https:\/\/mhdkarot.com\/index.php\/iletisim\/","title":{"rendered":"\u0130leti\u015fim"},"content":{"rendered":"\t\t<div data-elementor-type=\"wp-post\" data-elementor-id=\"8459\" class=\"elementor elementor-8459\" data-elementor-post-type=\"page\">\n\t\t\t\t\t\t<section class=\"elementor-section elementor-top-section elementor-element elementor-element-627c199 gray-bg has-hex pt-50 elementor-section-boxed elementor-section-height-default elementor-section-height-default\" data-id=\"627c199\" data-element_type=\"section\">\n\t\t\t\t\t\t<div class=\"elementor-container elementor-column-gap-default\">\n\t\t\t\t\t<div class=\"elementor-column elementor-col-33 elementor-top-column elementor-element elementor-element-1d4099f\" data-id=\"1d4099f\" data-element_type=\"column\">\n\t\t\t<div class=\"elementor-widget-wrap elementor-element-populated\">\n\t\t\t\t\t\t<div class=\"elementor-element elementor-element-5fc80c1 elementor-widget elementor-widget-feature_box\" data-id=\"5fc80c1\" data-element_type=\"widget\" data-widget_type=\"feature_box.default\">\n\t\t\t\t<div class=\"elementor-widget-container\">\n\t\t\t  \r\n        <!--services-box --> \r\n        <div class=\"card-item sty1\">\r\n            <i class=\"fal fa-envelope\"><\/i>            <span class=\"card-item_num\">01<\/span>\r\n            <h4 class=\"service-title\">Mailimiz<\/h4>            <div class=\"card-desc\"><p>Bizimle e-posta adresimizden ileti\u015fime ge\u00e7ebilirsiniz. <\/p>\n\n<a href=\"mailto:mhdkarot42@gmail.com\" class=\"serv-link sl-b\">mhdkarot42@gmail.com<\/a><\/div>\r\n            <div class=\"clearfix\"><\/div>\r\n        <\/div>\r\n        \r\n        <!-- services-box end  -->      \r\n        \t\t<\/div>\n\t\t\t\t<\/div>\n\t\t\t\t\t<\/div>\n\t\t<\/div>\n\t\t\t\t<div class=\"elementor-column elementor-col-33 elementor-top-column elementor-element elementor-element-8f43a90\" data-id=\"8f43a90\" data-element_type=\"column\">\n\t\t\t<div class=\"elementor-widget-wrap elementor-element-populated\">\n\t\t\t\t\t\t<div class=\"elementor-element elementor-element-f06c5e1 elementor-widget elementor-widget-feature_box\" data-id=\"f06c5e1\" data-element_type=\"widget\" data-widget_type=\"feature_box.default\">\n\t\t\t\t<div class=\"elementor-widget-container\">\n\t\t\t  \r\n        <!--services-box --> \r\n        <div class=\"card-item sty1\">\r\n            <i class=\"fal fa-phone-rotary\"><\/i>            <span class=\"card-item_num\">02<\/span>\r\n            <h4 class=\"service-title\">Telefonumuz<\/h4>            <div class=\"card-desc\"><p>Bizimle telefon numaram\u0131z arac\u0131l\u0131\u011f\u0131yla ileti\u015fime ge\u00e7ebilirsiniz. <\/p>\n<p> <a href=\"tel:+905454009965\" class=\"serv-link sl-b\">+90 545 400 99 65<\/a><\/div>\r\n            <div class=\"clearfix\"><\/div>\r\n        <\/div>\r\n        \r\n        <!-- services-box end  -->      \r\n        \t\t<\/div>\n\t\t\t\t<\/div>\n\t\t\t\t\t<\/div>\n\t\t<\/div>\n\t\t\t\t<div class=\"elementor-column elementor-col-33 elementor-top-column elementor-element elementor-element-68855fe\" data-id=\"68855fe\" data-element_type=\"column\">\n\t\t\t<div class=\"elementor-widget-wrap elementor-element-populated\">\n\t\t\t\t\t\t<div class=\"elementor-element elementor-element-d788fa5 elementor-widget elementor-widget-feature_box\" data-id=\"d788fa5\" data-element_type=\"widget\" data-widget_type=\"feature_box.default\">\n\t\t\t\t<div class=\"elementor-widget-container\">\n\t\t\t  \r\n        <!--services-box --> \r\n        <div class=\"card-item sty1\">\r\n            <i class=\"fal fa-map-marked\"><\/i>            <span class=\"card-item_num\">03<\/span>\r\n            <h4 class=\"service-title\">Adresimiz<\/h4>            <div class=\"card-desc\"><p>Bizimle y\u00fcz y\u00fcze g\u00f6r\u00fc\u015fmek i\u00e7in adresimize gelebilirsiniz.<\/p>\n<a href=\"https:\/\/maps.app.goo.gl\/BmhpxxW1ZUwS2r1y5\" class=\"serv-link sl-b\">I\u015f\u0131klar Mah, Pendik Sk, No:52\/1 42060 Sel\u00e7uklu\/Konya<\/a><\/div>\r\n            <div class=\"clearfix\"><\/div>\r\n        <\/div>\r\n        \r\n        <!-- services-box end  -->      \r\n        \t\t<\/div>\n\t\t\t\t<\/div>\n\t\t\t\t\t<\/div>\n\t\t<\/div>\n\t\t\t\t\t<\/div>\n\t\t<\/section>\n\t\t\t\t<section class=\"elementor-section elementor-top-section elementor-element elementor-element-934878d gray-bg pad-top-0 pad-bot-0 elementor-section-boxed elementor-section-height-default elementor-section-height-default\" data-id=\"934878d\" data-element_type=\"section\">\n\t\t\t\t\t\t<div class=\"elementor-container elementor-column-gap-default\">\n\t\t\t\t\t<div class=\"elementor-column elementor-col-50 elementor-top-column elementor-element elementor-element-9ce82f2\" data-id=\"9ce82f2\" data-element_type=\"column\">\n\t\t\t<div class=\"elementor-widget-wrap elementor-element-populated\">\n\t\t\t\t\t\t<div class=\"elementor-element elementor-element-90bd444 elementor-widget__width-auto elementor-widget elementor-widget-contact_modal\" data-id=\"90bd444\" data-element_type=\"widget\" data-widget_type=\"contact_modal.default\">\n\t\t\t\t<div class=\"elementor-widget-container\">\n\t\t\t        <a href=\"#\" class=\"tbtn cf_btn\"><i class=\"fas fa-caret-right\"><\/i><span>Mesaj Yaz<\/span><\/a>\r\n        <!--contact-form-wrap -->   \r\n        <!-- <div class=\"contact-form-wrap\">\r\n            <div class=\"contact-form-container\">\r\n                <div class=\"contact-form-main fl-wrap\">\r\n                    <div class=\"contact-form-header\">\r\n                        <h4>\u0130leti\u015fime Ge\u00e7in<\/h4>\r\n                        <span class=\"close-contact-form\"><i class=\"fal fa-times\"><\/i><\/span>\r\n                    <\/div>\r\n                    <div class=\"contact-form7\">\n<div class=\"wpcf7 no-js\" id=\"wpcf7-f8484-o1\" lang=\"en-US\" dir=\"ltr\">\n<div class=\"screen-reader-response\"><p role=\"status\" aria-live=\"polite\" aria-atomic=\"true\"><\/p> <ul><\/ul><\/div>\n<form action=\"\/index.php\/wp-json\/wp\/v2\/pages\/8459#wpcf7-f8484-o1\" method=\"post\" class=\"wpcf7-form init\" aria-label=\"Contact form\" novalidate=\"novalidate\" data-status=\"init\">\n<div style=\"display: none;\">\n<input type=\"hidden\" name=\"_wpcf7\" value=\"8484\" \/>\n<input type=\"hidden\" name=\"_wpcf7_version\" value=\"5.9.6\" \/>\n<input type=\"hidden\" name=\"_wpcf7_locale\" value=\"en_US\" \/>\n<input type=\"hidden\" name=\"_wpcf7_unit_tag\" value=\"wpcf7-f8484-o1\" \/>\n<input type=\"hidden\" name=\"_wpcf7_container_post\" value=\"0\" \/>\n<input type=\"hidden\" name=\"_wpcf7_posted_data_hash\" value=\"\" \/>\n<input type=\"hidden\" name=\"_wpcf7_recaptcha_response\" value=\"\" \/>\n<\/div>\n<div class=\"contact-form-holder custom-form\">\n\t<div class=\"hasIcon\">\n\t\t<p><label>\u0130smin*<\/label><span class=\"wpcf7-form-control-wrap\" data-name=\"your-name\"><input size=\"40\" maxlength=\"80\" class=\"wpcf7-form-control wpcf7-text wpcf7-validates-as-required has-icon\" aria-required=\"true\" aria-invalid=\"false\" placeholder=\"\u0130sminiz *\" value=\"\" type=\"text\" name=\"your-name\" \/><\/span>\n\t\t<\/p>\n\t<\/div>\n\t<div class=\"hasIcon\">\n\t\t<p><label>E-posta adresiniz*<\/label><span class=\"wpcf7-form-control-wrap\" data-name=\"your-email\"><input size=\"40\" maxlength=\"80\" class=\"wpcf7-form-control wpcf7-email wpcf7-validates-as-required wpcf7-text wpcf7-validates-as-email has-icon\" aria-required=\"true\" aria-invalid=\"false\" placeholder=\"E-posta Adresi *\" value=\"\" type=\"email\" name=\"your-email\" \/><\/span>\n\t\t<\/p>\n\t<\/div>\n\t<div class=\"hasIcon\">\n\t\t<p><label>Telefon numaran\u0131z*<\/label><span class=\"wpcf7-form-control-wrap\" data-name=\"phonetext-141\"><input size=\"40\" class=\"wpcf7-form-control wpcf7-phonetext wpcf7-validates-as-required wpcf7-text wpcf7-validates-as-phonetext has-icon\" aria-required=\"true\" aria-invalid=\"false\" value=\"+90\" type=\"text\" name=\"phonetext-141\" \/><input type=\"hidden\" name=\"phonetext-141-country-code\" class=\"wpcf7-phonetext-country-code\" \/><\/span>\n\t\t<\/p>\n\t<\/div>\n\t<div class=\"form-control-wrap\">\n\t\t<p><span class=\"wpcf7-form-control-wrap\" data-name=\"your-message\"><textarea cols=\"40\" rows=\"10\" maxlength=\"400\" class=\"wpcf7-form-control wpcf7-textarea wpcf7-validates-as-required\" aria-required=\"true\" aria-invalid=\"false\" placeholder=\"Mesaj\u0131n\u0131z\" name=\"your-message\"><\/textarea><\/span>\n\t\t<\/p>\n\t<\/div>\n\t<p><input class=\"wpcf7-form-control wpcf7-submit has-spinner tbtn hvcolor\" type=\"submit\" value=\"Mesaj G\u00f6nder\" \/><br \/>\n\t\n\t<\/p>\n\t<p>Size ula\u015fabilmemiz i\u00e7in l\u00fctfen do\u011fru ve eksiksiz bilgi veriniz, uzun s\u00fcre d\u00f6n\u00fc\u015f olmamas\u0131 durumunda direkt telefon ile ileti\u015fime ge\u00e7ebilirsiniz.\n\t<\/p>\n\t<p><br \/>\n\u00a9 2024 AloneHunterT, T\u00fcm Haklar\u0131 Sakl\u0131d\u0131r.\n\t<\/p>\n<\/div><div class=\"wpcf7-response-output\" aria-hidden=\"true\"><\/div>\n<\/form>\n<\/div>\n<\/div>                 \r\n                <\/div>\r\n            <\/div>\r\n            <div class=\"contact-form-overlay\"><\/div>\r\n        <\/div> -->\r\n        <!--contact-form-wrap end-->    \r\n\r\n        \t\t<\/div>\n\t\t\t\t<\/div>\n\t\t\t\t<div class=\"elementor-element elementor-element-5bf3a5d elementor-widget__width-auto elementor-widget elementor-widget-heading\" data-id=\"5bf3a5d\" data-element_type=\"widget\" data-widget_type=\"heading.default\">\n\t\t\t\t<div class=\"elementor-widget-container\">\n\t\t\t<style>\/*! elementor - v3.22.0 - 26-06-2024 *\/\n.elementor-heading-title{padding:0;margin:0;line-height:1}.elementor-widget-heading .elementor-heading-title[class*=elementor-size-]>a{color:inherit;font-size:inherit;line-height:inherit}.elementor-widget-heading .elementor-heading-title.elementor-size-small{font-size:15px}.elementor-widget-heading .elementor-heading-title.elementor-size-medium{font-size:19px}.elementor-widget-heading .elementor-heading-title.elementor-size-large{font-size:29px}.elementor-widget-heading .elementor-heading-title.elementor-size-xl{font-size:39px}.elementor-widget-heading .elementor-heading-title.elementor-size-xxl{font-size:59px}<\/style><p class=\"elementor-heading-title elementor-size-default\">Mesaja k\u0131sa s\u00fcre i\u00e7inde cevap vermeye \u00e7al\u0131\u015faca\u011f\u0131z.<\/p>\t\t<\/div>\n\t\t\t\t<\/div>\n\t\t\t\t\t<\/div>\n\t\t<\/div>\n\t\t\t\t<div class=\"elementor-column elementor-col-50 elementor-top-column elementor-element elementor-element-50c688b\" data-id=\"50c688b\" data-element_type=\"column\">\n\t\t\t<div class=\"elementor-widget-wrap elementor-element-populated\">\n\t\t\t\t\t\t<div class=\"elementor-element elementor-element-7b66cae elementor-widget__width-auto elementor-widget-mobile__width-inherit elementor-widget elementor-widget-our_socials\" data-id=\"7b66cae\" data-element_type=\"widget\" data-widget_type=\"our_socials.default\">\n\t\t\t\t<div class=\"elementor-widget-container\">\n\t\t\t        <div class=\"contact-social flex-items-center socials-st1\">\r\n            <span class=\"cs-title\">SOSYAL MEDYA:<\/span>             \r\n            <ul class=\"socials-ul list-unstyled m-0 p-0\">\r\n                                    <li><a href=\"https:\/\/facebook.com\" target=\"_blank\"><i class=\"fab fa-facebook-f\"><\/i><\/a><\/li>\r\n                                        <li><a href=\"https:\/\/twitter.com\/\" target=\"_blank\"><i class=\"fab fa-twitter\"><\/i><\/a><\/li>\r\n                                        <li><a href=\"https:\/\/www.instagram.com\/\" target=\"_blank\"><i class=\"fab fa-instagram\"><\/i><\/a><\/li>\r\n                                <\/ul>\r\n                    <\/div>\r\n        \t\t<\/div>\n\t\t\t\t<\/div>\n\t\t\t\t\t<\/div>\n\t\t<\/div>\n\t\t\t\t\t<\/div>\n\t\t<\/section>\n\t\t\t\t<section class=\"elementor-section elementor-top-section elementor-element elementor-element-5f38d8f gray-bg pad-top-30 pb-50 elementor-section-boxed elementor-section-height-default elementor-section-height-default\" data-id=\"5f38d8f\" data-element_type=\"section\">\n\t\t\t\t\t\t<div class=\"elementor-container elementor-column-gap-default\">\n\t\t\t\t\t<div class=\"elementor-column elementor-col-100 elementor-top-column elementor-element elementor-element-491631d\" data-id=\"491631d\" data-element_type=\"column\">\n\t\t\t<div class=\"elementor-widget-wrap elementor-element-populated\">\n\t\t\t\t\t\t<div class=\"elementor-element elementor-element-222b6e6 elementor-widget elementor-widget-heading\" data-id=\"222b6e6\" data-element_type=\"widget\" data-widget_type=\"heading.default\">\n\t\t\t\t<div class=\"elementor-widget-container\">\n\t\t\t<h3 class=\"elementor-heading-title elementor-size-default\">Harita \u00fczerindeki konumumuz<\/h3>\t\t<\/div>\n\t\t\t\t<\/div>\n\t\t\t\t<div class=\"elementor-element elementor-element-ec4e34e elementor-widget elementor-widget-google_map\" data-id=\"ec4e34e\" data-element_type=\"widget\" data-widget_type=\"google_map.default\">\n\t\t\t\t<div class=\"elementor-widget-container\">\n\t\t\t        <div class=\"map-container mapC_vis\">\r\n            <div id=\"singleMap69e9dd27752b4\" class=\"singleMap singleMap-osm\" data-lat=\"37.89209166859184\" data-lng=\"32.48647264176302\" data-loc=\"Ofisimiz - Konya\" data-zoom=\"14\"><\/div>\r\n                    <\/div>\r\n        \t\t<\/div>\n\t\t\t\t<\/div>\n\t\t\t\t\t<\/div>\n\t\t<\/div>\n\t\t\t\t\t<\/div>\n\t\t<\/section>\n\t\t\t\t<\/div>\n\t\t","protected":false},"excerpt":{"rendered":"<p>01 Mailimiz Bizimle e-posta adresimizden ileti\u015fime ge\u00e7ebilirsiniz. mhdkarot42@gmail.com 02 Telefonumuz Bizimle telefon numaram\u0131z arac\u0131l\u0131\u011f\u0131yla ileti\u015fime ge\u00e7ebilirsiniz. +90 545 400 99 65 03 Adresimiz Bizimle y\u00fcz y\u00fcze g\u00f6r\u00fc\u015fmek i\u00e7in adresimize gelebilirsiniz. I\u015f\u0131klar Mah, Pendik Sk, No:52\/1 42060 Sel\u00e7uklu\/Konya Mesaj Yaz Mesaja k\u0131sa s\u00fcre i\u00e7inde cevap vermeye \u00e7al\u0131\u015faca\u011f\u0131z. SOSYAL MEDYA: Harita \u00fczerindeki konumumuz<\/p>\n","protected":false},"author":1,"featured_media":0,"parent":0,"menu_order":1,"comment_status":"closed","ping_status":"closed","template":"page-full.php","meta":{"_monsterinsights_skip_tracking":false,"_monsterinsights_sitenote_active":false,"_monsterinsights_sitenote_note":"","_monsterinsights_sitenote_category":0,"footnotes":""},"aioseo_notices":[],"_links":{"self":[{"href":"https:\/\/mhdkarot.com\/index.php\/wp-json\/wp\/v2\/pages\/8459"}],"collection":[{"href":"https:\/\/mhdkarot.com\/index.php\/wp-json\/wp\/v2\/pages"}],"about":[{"href":"https:\/\/mhdkarot.com\/index.php\/wp-json\/wp\/v2\/types\/page"}],"author":[{"embeddable":true,"href":"https:\/\/mhdkarot.com\/index.php\/wp-json\/wp\/v2\/users\/1"}],"replies":[{"embeddable":true,"href":"https:\/\/mhdkarot.com\/index.php\/wp-json\/wp\/v2\/comments?post=8459"}],"version-history":[{"count":49,"href":"https:\/\/mhdkarot.com\/index.php\/wp-json\/wp\/v2\/pages\/8459\/revisions"}],"predecessor-version":[{"id":10408,"href":"https:\/\/mhdkarot.com\/index.php\/wp-json\/wp\/v2\/pages\/8459\/revisions\/10408"}],"wp:attachment":[{"href":"https:\/\/mhdkarot.com\/index.php\/wp-json\/wp\/v2\/media?parent=8459"}],"curies":[{"name":"wp","href":"https:\/\/api.w.org\/{rel}","templated":true}]}}