{"id":8899,"date":"2024-06-20T00:53:22","date_gmt":"2024-06-19T21:53:22","guid":{"rendered":"https:\/\/alonehuntert.com\/?page_id=8899"},"modified":"2024-06-20T00:53:22","modified_gmt":"2024-06-19T21:53:22","slug":"hizmetlerimiz","status":"publish","type":"page","link":"https:\/\/mhdkarot.com\/index.php\/hizmetlerimiz\/","title":{"rendered":"Hizmetlerimiz"},"content":{"rendered":"\t\t<div data-elementor-type=\"wp-page\" data-elementor-id=\"8899\" class=\"elementor elementor-8899\" data-elementor-post-type=\"page\">\n\t\t\t\t\t\t<section class=\"elementor-section elementor-top-section elementor-element elementor-element-36ade48f gray-bg small-top_padding stp-bot has-hex elementor-section-boxed elementor-section-height-default elementor-section-height-default\" data-id=\"36ade48f\" data-element_type=\"section\">\n\t\t\t\t\t\t<div class=\"elementor-container elementor-column-gap-extended\">\n\t\t\t\t\t<div class=\"elementor-column elementor-col-66 elementor-top-column elementor-element elementor-element-534d994e\" data-id=\"534d994e\" data-element_type=\"column\">\n\t\t\t<div class=\"elementor-widget-wrap elementor-element-populated\">\n\t\t\t\t\t\t<div class=\"elementor-element elementor-element-ab2ba66 elementor-widget elementor-widget-cthservices\" data-id=\"ab2ba66\" data-element_type=\"widget\" data-widget_type=\"cthservices.default\">\n\t\t\t\t<div class=\"elementor-widget-container\">\n\t\t\t        <div class=\"services-grid-wrap\">\r\n                    <\/div>\r\n        \t\t<\/div>\n\t\t\t\t<\/div>\n\t\t\t\t<section class=\"elementor-section elementor-inner-section elementor-element elementor-element-2889d2d2 elementor-section-content-middle order-wrap mt-35 elementor-section-boxed elementor-section-height-default elementor-section-height-default\" data-id=\"2889d2d2\" data-element_type=\"section\">\n\t\t\t\t\t\t<div class=\"elementor-container elementor-column-gap-default\">\n\t\t\t\t\t<div class=\"elementor-column elementor-col-50 elementor-inner-column elementor-element elementor-element-59bccef0\" data-id=\"59bccef0\" data-element_type=\"column\">\n\t\t\t<div class=\"elementor-widget-wrap elementor-element-populated\">\n\t\t\t\t\t\t<div class=\"elementor-element elementor-element-17ff5242 elementor-widget elementor-widget-section_title\" data-id=\"17ff5242\" data-element_type=\"widget\" data-widget_type=\"section_title.default\">\n\t\t\t\t<div class=\"elementor-widget-container\">\n\t\t\t        <div class=\"section-title st-left st-st7\">\r\n                    <h2 class=\"sec-title\"><span>Projenizi sipari\u015f etmeye haz\u0131r m\u0131s\u0131n\u0131z?<\/span><\/h2>                    <\/div>\r\n        \t\t<\/div>\n\t\t\t\t<\/div>\n\t\t\t\t\t<\/div>\n\t\t<\/div>\n\t\t\t\t<div class=\"elementor-column elementor-col-50 elementor-inner-column elementor-element elementor-element-588684f1\" data-id=\"588684f1\" data-element_type=\"column\">\n\t\t\t<div class=\"elementor-widget-wrap elementor-element-populated\">\n\t\t\t\t\t\t<div class=\"elementor-element elementor-element-43d8330 ml-auto ms-auto mr-5 me-5 elementor-widget__width-auto elementor-widget-tablet__width-inherit elementor-widget elementor-widget-cthbutton\" data-id=\"43d8330\" data-element_type=\"widget\" data-widget_type=\"cthbutton.default\">\n\t\t\t\t<div class=\"elementor-widget-container\">\n\t\t\t \r\n            <a href=\"https:\/\/mhdkarot.com\/index.php\/iletisim\/\"  class=\"tbtn tbtn color-bg small-btn normal normalw-btn icon-left btn-no-text-no\"><span>I\u0307LETI\u0307\u015eI\u0307ME GE\u00c7I\u0307N<\/span><\/a>\r\n        \t\t<\/div>\n\t\t\t\t<\/div>\n\t\t\t\t\t<\/div>\n\t\t<\/div>\n\t\t\t\t\t<\/div>\n\t\t<\/section>\n\t\t\t\t\t<\/div>\n\t\t<\/div>\n\t\t\t\t<div class=\"elementor-column elementor-col-33 elementor-top-column elementor-element elementor-element-48516d7a\" data-id=\"48516d7a\" data-element_type=\"column\">\n\t\t\t<div class=\"elementor-widget-wrap elementor-element-populated\">\n\t\t\t\t\t\t<div class=\"elementor-element elementor-element-39061ce elementor-widget elementor-widget-service_nav\" data-id=\"39061ce\" data-element_type=\"widget\" data-widget_type=\"service_nav.default\">\n\t\t\t\t<div class=\"elementor-widget-container\">\n\t\t\t        \t\t<\/div>\n\t\t\t\t<\/div>\n\t\t\t\t<div class=\"elementor-element elementor-element-50868e80 elementor-widget elementor-widget-html\" data-id=\"50868e80\" data-element_type=\"widget\" data-widget_type=\"html.default\">\n\t\t\t\t<div class=\"elementor-widget-container\">\n\t\t\t<h3 class=\"widget-title\">Yard\u0131mc\u0131 Bro\u015f\u00fcrler<\/h3>\r\n<ul class=\"tbtn-nav list-unstyled mb-0\">\r\n\t<li><a href=\"#\"><i class=\"fal fa-file-pdf\"><\/i><span>PDF dosyas\u0131n\u0131 indirin<\/span><\/a><\/li>\r\n\t<li><a href=\"#\"><i class=\"fal fa-file-word\"><\/i><span>DOC dosyas\u0131n\u0131 indirin<\/span><\/a><\/li>\r\n<\/ul>\t\t<\/div>\n\t\t\t\t<\/div>\n\t\t\t\t\t<\/div>\n\t\t<\/div>\n\t\t\t\t\t<\/div>\n\t\t<\/section>\n\t\t\t\t<\/div>\n\t\t","protected":false},"excerpt":{"rendered":"<p>DETAYLAR Interior Renovation Architecture Renovation Lorem Ipsum is simply dummy text of the printing and typesetting industry. Lorem Ipsum hass beefdn the industry&#8217;s standard text. Ut enim ad minim veniam Read more 01. DETAYLAR Construction Consultant Architecture Renovation Lorem Ipsum is simply dummy text of the printing and typesetting industry. Lorem Ipsum hass beefdn the industry&#8217;s standard text. Ut enim ad minim veniam Read more 02. DETAYLAR General Contracting Design Renovation Lorem Ipsum is simply dummy text of the printing and typesetting industry. Lorem Ipsum hass beefdn the industry&#8217;s standard text. Ut enim ad minim veniam Read more 03. DETAYLAR Interior Design Architecture Design Lorem Ipsum is simply dummy text of the printing and typesetting industry. Lorem Ipsum hass beefdn the industry&#8217;s standard text. Ut enim ad minim veniam Read more 04. DETAYLAR Building Engineering Architecture Design Lorem Ipsum is simply dummy text of the printing and typesetting industry. Lorem [&hellip;]<\/p>\n","protected":false},"author":1,"featured_media":0,"parent":0,"menu_order":5,"comment_status":"closed","ping_status":"closed","template":"page-full.php","meta":{"_monsterinsights_skip_tracking":false,"_monsterinsights_sitenote_active":false,"_monsterinsights_sitenote_note":"","_monsterinsights_sitenote_category":0,"footnotes":""},"aioseo_notices":[],"_links":{"self":[{"href":"https:\/\/mhdkarot.com\/index.php\/wp-json\/wp\/v2\/pages\/8899"}],"collection":[{"href":"https:\/\/mhdkarot.com\/index.php\/wp-json\/wp\/v2\/pages"}],"about":[{"href":"https:\/\/mhdkarot.com\/index.php\/wp-json\/wp\/v2\/types\/page"}],"author":[{"embeddable":true,"href":"https:\/\/mhdkarot.com\/index.php\/wp-json\/wp\/v2\/users\/1"}],"replies":[{"embeddable":true,"href":"https:\/\/mhdkarot.com\/index.php\/wp-json\/wp\/v2\/comments?post=8899"}],"version-history":[{"count":10,"href":"https:\/\/mhdkarot.com\/index.php\/wp-json\/wp\/v2\/pages\/8899\/revisions"}],"predecessor-version":[{"id":10422,"href":"https:\/\/mhdkarot.com\/index.php\/wp-json\/wp\/v2\/pages\/8899\/revisions\/10422"}],"wp:attachment":[{"href":"https:\/\/mhdkarot.com\/index.php\/wp-json\/wp\/v2\/media?parent=8899"}],"curies":[{"name":"wp","href":"https:\/\/api.w.org\/{rel}","templated":true}]}}